{"id":45399,"date":"2022-05-09T11:33:16","date_gmt":"2022-05-09T10:33:16","guid":{"rendered":"https:\/\/areacoracrylic.gr\/product\/re-wall\/"},"modified":"2022-05-26T17:09:55","modified_gmt":"2022-05-26T16:09:55","slug":"re-wall","status":"publish","type":"product","link":"https:\/\/areacoracrylic.gr\/en\/product\/re-wall\/","title":{"rendered":"Re-Wall"},"content":{"rendered":"<p><span class=\"kolpasan-product-subtitle\">160\u00d790, 160\u00d780, 140\u00d790, 140\u00d780, 120\u00d790, 120\u00d780, 100\u00d7100, 90\u00d790, 80\u00d780<\/span><\/p>\n<div class=\"kolpasan-product-wrapper\">\n<div class=\"kolpasan-product-description\">\n<p>The Kerrock corner wall is an aesthetic and durable solution for a carefree shower. It can be attached to tiles or walls and always ensures complete waterproofing.<\/p>\n<ul>\n<li>Installation of the Kerrock wall is possible on tiles or walls<\/li>\n<li>Perfect waterproofing<\/li>\n<li>Easy to clean<\/li>\n<\/ul>\n<\/div>\n<div class=\"kolpasan-product-fields\">\n<div class=\"kolpasan-product-field-title\">Layout<\/div>\n<div class=\"kolpasan-product-field-content\">\n<ul>\n<li style=\"list-style-type: none\">\n<ul>\n<li>Corner layout<\/li>\n<\/ul>\n<\/li>\n<\/ul>\n<\/div>\n<\/div>\n<div class=\"kolpasan-product-features\">\n<h4>Properties<\/h4>\n<div class=\"row gutter-5\">\n<div class=\"col-4 product--features--item\"><img decoding=\"async\" class=\"img-fluid\" src=\"https:\/\/areacoracrylic.gr\/wp-content\/uploads\/2022\/05\/kerrock-ca5b856afb0519f395fe25508fb19390-21.png\" alt=\"Kerrock\" \/><\/p>\n<h4>Kerrock<\/h4>\n<p>Resistant to chemicals and mechanical damage<\/p>\n<div id=\"kolpasan-product-feature-50\">DETAILS<\/div>\n<\/div>\n<\/div>\n<\/div>\n<div class=\"kolpasan-product-gallery\">\n<div class=\"gallery-item\"><img decoding=\"async\" src=\"https:\/\/areacoracrylic.gr\/wp-content\/uploads\/2022\/05\/re-wall-2e8d2ebd31c8ba485e065c4630dca351-6.jpeg\" alt=\"Re-wall\" \/><br \/>\n<span class=\"kolpasan-product-gallery-image-title\">Re-wall<\/span><\/div>\n<div class=\"gallery-item\"><img decoding=\"async\" src=\"https:\/\/areacoracrylic.gr\/wp-content\/uploads\/2022\/05\/re-wall-d4eb9b00e280d6af2013c37532c9bfe6-6.jpeg\" alt=\"Re-wall\" \/><br \/>\n<span class=\"kolpasan-product-gallery-image-title\">Re-wall<\/span><\/div>\n<div class=\"gallery-item\"><img decoding=\"async\" src=\"https:\/\/areacoracrylic.gr\/wp-content\/uploads\/2022\/05\/re-wall-05a10b360babec1bb1d21ecfd9a8683c-6.jpeg\" alt=\"Re-wall\" \/><br \/>\n<span class=\"kolpasan-product-gallery-image-title\">Re-wall<\/span><\/div>\n<\/div>\n<\/div>\n<p>Pictures are symbolic. The correct arrangement of the elements is in the <a href=\"https:\/\/areacoracrylic.gr\/en\/catalogues\/\">TECHNICAL CATALOG.<\/a><\/p>\n<div class=\"kolpasan-products-versions\">\n<h4>Versions<\/h4>\n<table class=\"table table-versions\">\n<thead>\n<tr>\n<th><\/th>\n<th>Length<\/th>\n<th>Width<\/th>\n<th>Height<\/th>\n<th><\/th>\n<th><\/th>\n<th><\/th>\n<th><\/th>\n<th><\/th>\n<th><\/th>\n<th><\/th>\n<th><\/th>\n<th><\/th>\n<\/tr>\n<\/thead>\n<tbody>\n<tr>\n<td>Re-Wall 160&#215;90<\/td>\n<td data-title=\"Length\">160 cm<\/td>\n<td data-title=\"Width\">90 cm<\/td>\n<td data-title=\"Height\">220 cm<\/td>\n<td data-title=\"Depth\"><\/td>\n<td data-title=\"Radius\"><\/td>\n<td data-title=\"Volume\"><\/td>\n<td data-title=\"Profile Color\"><\/td>\n<td data-title=\"\"><\/td>\n<td data-title=\"\"><\/td>\n<td data-title=\"\"><\/td>\n<td data-title=\"\"><\/td>\n<td data-title=\"\"><\/td>\n<\/tr>\n<tr>\n<td>Re-Wall 160&#215;80<\/td>\n<td data-title=\"Length\">160 cm<\/td>\n<td data-title=\"Width\">80 cm<\/td>\n<td data-title=\"Height\">220 cm<\/td>\n<td data-title=\"Depth\"><\/td>\n<td data-title=\"Radius\"><\/td>\n<td data-title=\"Volume\"><\/td>\n<td data-title=\"Profile Color\"><\/td>\n<td data-title=\"\"><\/td>\n<td data-title=\"\"><\/td>\n<td data-title=\"\"><\/td>\n<td data-title=\"\"><\/td>\n<td data-title=\"\"><\/td>\n<\/tr>\n<tr>\n<td>Re-Wall 140&#215;90<\/td>\n<td data-title=\"Length\">140 cm<\/td>\n<td data-title=\"Width\">90 cm<\/td>\n<td data-title=\"Height\">220 cm<\/td>\n<td data-title=\"Depth\"><\/td>\n<td data-title=\"Radius\"><\/td>\n<td data-title=\"Volume\"><\/td>\n<td data-title=\"Profile Color\"><\/td>\n<td data-title=\"\"><\/td>\n<td data-title=\"\"><\/td>\n<td data-title=\"\"><\/td>\n<td data-title=\"\"><\/td>\n<td data-title=\"\"><\/td>\n<\/tr>\n<tr>\n<td>Re-Wall 140&#215;80<\/td>\n<td data-title=\"Length\">140 cm<\/td>\n<td data-title=\"Width\">80 cm<\/td>\n<td data-title=\"Height\">220 cm<\/td>\n<td data-title=\"Depth\"><\/td>\n<td data-title=\"Radius\"><\/td>\n<td data-title=\"Volume\"><\/td>\n<td data-title=\"Profile Color\"><\/td>\n<td data-title=\"\"><\/td>\n<td data-title=\"\"><\/td>\n<td data-title=\"\"><\/td>\n<td data-title=\"\"><\/td>\n<td data-title=\"\"><\/td>\n<\/tr>\n<tr>\n<td>Re-Wall 120&#215;90<\/td>\n<td data-title=\"Length\">120 cm<\/td>\n<td data-title=\"Width\">90 cm<\/td>\n<td data-title=\"Height\">220 cm<\/td>\n<td data-title=\"Depth\"><\/td>\n<td data-title=\"Radius\"><\/td>\n<td data-title=\"Volume\"><\/td>\n<td data-title=\"Profile Color\"><\/td>\n<td data-title=\"\"><\/td>\n<td data-title=\"\"><\/td>\n<td data-title=\"\"><\/td>\n<td data-title=\"\"><\/td>\n<td data-title=\"\"><\/td>\n<\/tr>\n<tr>\n<td>Re-Wall 120&#215;80<\/td>\n<td data-title=\"Length\">120 cm<\/td>\n<td data-title=\"Width\">80 cm<\/td>\n<td data-title=\"Height\">220 cm<\/td>\n<td data-title=\"Depth\"><\/td>\n<td data-title=\"Radius\"><\/td>\n<td data-title=\"Volume\"><\/td>\n<td data-title=\"Profile Color\"><\/td>\n<td data-title=\"\"><\/td>\n<td data-title=\"\"><\/td>\n<td data-title=\"\"><\/td>\n<td data-title=\"\"><\/td>\n<td data-title=\"\"><\/td>\n<\/tr>\n<tr>\n<td>Re-Wall 100&#215;100<\/td>\n<td data-title=\"Length\">100 cm<\/td>\n<td data-title=\"Width\">100 cm<\/td>\n<td data-title=\"Height\">220 cm<\/td>\n<td data-title=\"Depth\"><\/td>\n<td data-title=\"Radius\"><\/td>\n<td data-title=\"Volume\"><\/td>\n<td data-title=\"Profile Color\"><\/td>\n<td data-title=\"\"><\/td>\n<td data-title=\"\"><\/td>\n<td data-title=\"\"><\/td>\n<td data-title=\"\"><\/td>\n<td data-title=\"\"><\/td>\n<\/tr>\n<tr>\n<td>Re-Wall 90&#215;90<\/td>\n<td data-title=\"Length\">90 cm<\/td>\n<td data-title=\"Width\">90 cm<\/td>\n<td data-title=\"Height\">220 cm<\/td>\n<td data-title=\"Depth\"><\/td>\n<td data-title=\"Radius\"><\/td>\n<td data-title=\"Volume\"><\/td>\n<td data-title=\"Profile Color\"><\/td>\n<td data-title=\"\"><\/td>\n<td data-title=\"\"><\/td>\n<td data-title=\"\"><\/td>\n<td data-title=\"\"><\/td>\n<td data-title=\"\"><\/td>\n<\/tr>\n<tr>\n<td>Re-Wall 80&#215;80<\/td>\n<td data-title=\"Length\">80 cm<\/td>\n<td data-title=\"Width\">80 cm<\/td>\n<td data-title=\"Height\">220 cm<\/td>\n<td data-title=\"Depth\"><\/td>\n<td data-title=\"Radius\"><\/td>\n<td data-title=\"Volume\"><\/td>\n<td data-title=\"Profile Color\"><\/td>\n<td data-title=\"\"><\/td>\n<td data-title=\"\"><\/td>\n<td data-title=\"\"><\/td>\n<td data-title=\"\"><\/td>\n<td data-title=\"\"><\/td>\n<\/tr>\n<tr>\n<td><\/td>\n<td data-title=\"Length\"><\/td>\n<td data-title=\"Width\"><\/td>\n<td data-title=\"Height\"><\/td>\n<td data-title=\"Depth\"><\/td>\n<td data-title=\"Radius\"><\/td>\n<td data-title=\"Volume\"><\/td>\n<td data-title=\"Profile Color\"><\/td>\n<td data-title=\"\"><\/td>\n<td data-title=\"\"><\/td>\n<td data-title=\"\"><\/td>\n<td data-title=\"\"><\/td>\n<td data-title=\"\"><\/td>\n<\/tr>\n<tr>\n<td><\/td>\n<td data-title=\"Length\"><\/td>\n<td data-title=\"Width\"><\/td>\n<td data-title=\"Height\"><\/td>\n<td data-title=\"Depth\"><\/td>\n<td data-title=\"Radius\"><\/td>\n<td data-title=\"Volume\"><\/td>\n<td data-title=\"Profile Color\"><\/td>\n<td data-title=\"\"><\/td>\n<td data-title=\"\"><\/td>\n<td data-title=\"\"><\/td>\n<td data-title=\"\"><\/td>\n<td data-title=\"\"><\/td>\n<\/tr>\n<tr>\n<td><\/td>\n<td data-title=\"Length\"><\/td>\n<td data-title=\"Width\"><\/td>\n<td data-title=\"Height\"><\/td>\n<td data-title=\"Depth\"><\/td>\n<td data-title=\"Radius\"><\/td>\n<td data-title=\"Volume\"><\/td>\n<td data-title=\"Profile Color\"><\/td>\n<td data-title=\"\"><\/td>\n<td data-title=\"\"><\/td>\n<td data-title=\"\"><\/td>\n<td data-title=\"\"><\/td>\n<td data-title=\"\"><\/td>\n<\/tr>\n<tr>\n<td><\/td>\n<td data-title=\"Length\"><\/td>\n<td data-title=\"Width\"><\/td>\n<td data-title=\"Height\"><\/td>\n<td data-title=\"Depth\"><\/td>\n<td data-title=\"Radius\"><\/td>\n<td data-title=\"Volume\"><\/td>\n<td data-title=\"Profile Color\"><\/td>\n<td data-title=\"\"><\/td>\n<td data-title=\"\"><\/td>\n<td data-title=\"\"><\/td>\n<td data-title=\"\"><\/td>\n<td data-title=\"\"><\/td>\n<\/tr>\n<tr>\n<td><\/td>\n<td data-title=\"Length\"><\/td>\n<td data-title=\"Width\"><\/td>\n<td data-title=\"Height\"><\/td>\n<td data-title=\"Depth\"><\/td>\n<td data-title=\"Radius\"><\/td>\n<td data-title=\"Volume\"><\/td>\n<td data-title=\"Profile Color\"><\/td>\n<td data-title=\"\"><\/td>\n<td data-title=\"\"><\/td>\n<td data-title=\"\"><\/td>\n<td data-title=\"\"><\/td>\n<td data-title=\"\"><\/td>\n<\/tr>\n<tr>\n<td><\/td>\n<td data-title=\"Length\"><\/td>\n<td data-title=\"Width\"><\/td>\n<td data-title=\"Height\"><\/td>\n<td data-title=\"Depth\"><\/td>\n<td data-title=\"Radius\"><\/td>\n<td data-title=\"Volume\"><\/td>\n<td data-title=\"Profile Color\"><\/td>\n<td data-title=\"\"><\/td>\n<td data-title=\"\"><\/td>\n<td data-title=\"\"><\/td>\n<td data-title=\"\"><\/td>\n<td data-title=\"\"><\/td>\n<\/tr>\n<tr>\n<td><\/td>\n<td data-title=\"Length\"><\/td>\n<td data-title=\"Width\"><\/td>\n<td data-title=\"Height\"><\/td>\n<td data-title=\"Depth\"><\/td>\n<td data-title=\"Radius\"><\/td>\n<td data-title=\"Volume\"><\/td>\n<td data-title=\"Profile Color\"><\/td>\n<td data-title=\"\"><\/td>\n<td data-title=\"\"><\/td>\n<td data-title=\"\"><\/td>\n<td data-title=\"\"><\/td>\n<td data-title=\"\"><\/td>\n<\/tr>\n<tr>\n<td><\/td>\n<td data-title=\"Length\"><\/td>\n<td data-title=\"Width\"><\/td>\n<td data-title=\"Height\"><\/td>\n<td data-title=\"Depth\"><\/td>\n<td data-title=\"Radius\"><\/td>\n<td data-title=\"Volume\"><\/td>\n<td data-title=\"Profile Color\"><\/td>\n<td data-title=\"\"><\/td>\n<td data-title=\"\"><\/td>\n<td data-title=\"\"><\/td>\n<td data-title=\"\"><\/td>\n<td data-title=\"\"><\/td>\n<\/tr>\n<tr>\n<td><\/td>\n<td data-title=\"Length\"><\/td>\n<td data-title=\"Width\"><\/td>\n<td data-title=\"Height\"><\/td>\n<td data-title=\"Depth\"><\/td>\n<td data-title=\"Radius\"><\/td>\n<td data-title=\"Volume\"><\/td>\n<td data-title=\"Profile Color\"><\/td>\n<td data-title=\"\"><\/td>\n<td data-title=\"\"><\/td>\n<td data-title=\"\"><\/td>\n<td data-title=\"\"><\/td>\n<td data-title=\"\"><\/td>\n<\/tr>\n<tr>\n<td><\/td>\n<td data-title=\"Length\"><\/td>\n<td data-title=\"Width\"><\/td>\n<td data-title=\"Height\"><\/td>\n<td data-title=\"Depth\"><\/td>\n<td data-title=\"Radius\"><\/td>\n<td data-title=\"Volume\"><\/td>\n<td data-title=\"Profile Color\"><\/td>\n<td data-title=\"\"><\/td>\n<td data-title=\"\"><\/td>\n<td data-title=\"\"><\/td>\n<td data-title=\"\"><\/td>\n<td data-title=\"\"><\/td>\n<\/tr>\n<tr>\n<td><\/td>\n<td data-title=\"Length\"><\/td>\n<td data-title=\"Width\"><\/td>\n<td data-title=\"Height\"><\/td>\n<td data-title=\"Depth\"><\/td>\n<td data-title=\"Radius\"><\/td>\n<td data-title=\"Volume\"><\/td>\n<td data-title=\"Profile Color\"><\/td>\n<td data-title=\"\"><\/td>\n<td data-title=\"\"><\/td>\n<td data-title=\"\"><\/td>\n<td data-title=\"\"><\/td>\n<td data-title=\"\"><\/td>\n<\/tr>\n<tr>\n<td><\/td>\n<td data-title=\"Length\"><\/td>\n<td data-title=\"Width\"><\/td>\n<td data-title=\"Height\"><\/td>\n<td data-title=\"Depth\"><\/td>\n<td data-title=\"Radius\"><\/td>\n<td data-title=\"Volume\"><\/td>\n<td data-title=\"Profile Color\"><\/td>\n<td data-title=\"\"><\/td>\n<td data-title=\"\"><\/td>\n<td data-title=\"\"><\/td>\n<td data-title=\"\"><\/td>\n<td data-title=\"\"><\/td>\n<\/tr>\n<tr>\n<td><\/td>\n<td data-title=\"Length\"><\/td>\n<td data-title=\"Width\"><\/td>\n<td data-title=\"Height\"><\/td>\n<td data-title=\"Depth\"><\/td>\n<td data-title=\"Radius\"><\/td>\n<td data-title=\"Volume\"><\/td>\n<td data-title=\"Profile Color\"><\/td>\n<td data-title=\"\"><\/td>\n<td data-title=\"\"><\/td>\n<td data-title=\"\"><\/td>\n<td data-title=\"\"><\/td>\n<td data-title=\"\"><\/td>\n<\/tr>\n<tr>\n<td><\/td>\n<td data-title=\"Length\"><\/td>\n<td data-title=\"Width\"><\/td>\n<td data-title=\"Height\"><\/td>\n<td data-title=\"Depth\"><\/td>\n<td data-title=\"Radius\"><\/td>\n<td data-title=\"Volume\"><\/td>\n<td data-title=\"Profile Color\"><\/td>\n<td data-title=\"\"><\/td>\n<td data-title=\"\"><\/td>\n<td data-title=\"\"><\/td>\n<td data-title=\"\"><\/td>\n<td data-title=\"\"><\/td>\n<\/tr>\n<tr>\n<td><\/td>\n<td data-title=\"Length\"><\/td>\n<td data-title=\"Width\"><\/td>\n<td data-title=\"Height\"><\/td>\n<td data-title=\"Depth\"><\/td>\n<td data-title=\"Radius\"><\/td>\n<td data-title=\"Volume\"><\/td>\n<td data-title=\"Profile Color\"><\/td>\n<td data-title=\"\"><\/td>\n<td data-title=\"\"><\/td>\n<td data-title=\"\"><\/td>\n<td data-title=\"\"><\/td>\n<td data-title=\"\"><\/td>\n<\/tr>\n<tr>\n<td><\/td>\n<td data-title=\"Length\"><\/td>\n<td data-title=\"Width\"><\/td>\n<td data-title=\"Height\"><\/td>\n<td data-title=\"Depth\"><\/td>\n<td data-title=\"Radius\"><\/td>\n<td data-title=\"Volume\"><\/td>\n<td data-title=\"Profile Color\"><\/td>\n<td data-title=\"\"><\/td>\n<td data-title=\"\"><\/td>\n<td data-title=\"\"><\/td>\n<td data-title=\"\"><\/td>\n<td data-title=\"\"><\/td>\n<\/tr>\n<tr>\n<td><\/td>\n<td data-title=\"Length\"><\/td>\n<td data-title=\"Width\"><\/td>\n<td data-title=\"Height\"><\/td>\n<td data-title=\"Depth\"><\/td>\n<td data-title=\"Radius\"><\/td>\n<td data-title=\"Volume\"><\/td>\n<td data-title=\"Profile Color\"><\/td>\n<td data-title=\"\"><\/td>\n<td data-title=\"\"><\/td>\n<td data-title=\"\"><\/td>\n<td data-title=\"\"><\/td>\n<td data-title=\"\"><\/td>\n<\/tr>\n<tr>\n<td><\/td>\n<td data-title=\"Length\"><\/td>\n<td data-title=\"Width\"><\/td>\n<td data-title=\"Height\"><\/td>\n<td data-title=\"Depth\"><\/td>\n<td data-title=\"Radius\"><\/td>\n<td data-title=\"Volume\"><\/td>\n<td data-title=\"Profile Color\"><\/td>\n<td data-title=\"\"><\/td>\n<td data-title=\"\"><\/td>\n<td data-title=\"\"><\/td>\n<td data-title=\"\"><\/td>\n<td data-title=\"\"><\/td>\n<\/tr>\n<tr>\n<td><\/td>\n<td data-title=\"Length\"><\/td>\n<td data-title=\"Width\"><\/td>\n<td data-title=\"Height\"><\/td>\n<td data-title=\"Depth\"><\/td>\n<td data-title=\"Radius\"><\/td>\n<td data-title=\"Volume\"><\/td>\n<td data-title=\"Profile Color\"><\/td>\n<td data-title=\"\"><\/td>\n<td data-title=\"\"><\/td>\n<td data-title=\"\"><\/td>\n<td data-title=\"\"><\/td>\n<td data-title=\"\"><\/td>\n<\/tr>\n<tr>\n<td><\/td>\n<td data-title=\"Length\"><\/td>\n<td data-title=\"Width\"><\/td>\n<td data-title=\"Height\"><\/td>\n<td data-title=\"Depth\"><\/td>\n<td data-title=\"Radius\"><\/td>\n<td data-title=\"Volume\"><\/td>\n<td data-title=\"Profile Color\"><\/td>\n<td data-title=\"\"><\/td>\n<td data-title=\"\"><\/td>\n<td data-title=\"\"><\/td>\n<td data-title=\"\"><\/td>\n<td data-title=\"\"><\/td>\n<\/tr>\n<tr>\n<td><\/td>\n<td data-title=\"Length\"><\/td>\n<td data-title=\"Width\"><\/td>\n<td data-title=\"Height\"><\/td>\n<td data-title=\"Depth\"><\/td>\n<td data-title=\"Radius\"><\/td>\n<td data-title=\"Volume\"><\/td>\n<td data-title=\"Profile Color\"><\/td>\n<td data-title=\"\"><\/td>\n<td data-title=\"\"><\/td>\n<td data-title=\"\"><\/td>\n<td data-title=\"\"><\/td>\n<td data-title=\"\"><\/td>\n<\/tr>\n<\/tbody>\n<\/table>\n<\/div>\n<div class=\"kolpasan-products-files\">\n<h3>Technical information<\/h3>\n<div class=\"list-files\">\n<h4><a class=\"list-files--file\" href=\"https:\/\/www.kolpasan.si\/media\/uploads\/file\/4785761ee8789864181.45839781.pdf\" target=\"_blank\" rel=\"noopener\">RE WAL 80, 90, 100.pdf(pdf <small>105.44 kB)<\/small><\/a><\/h4>\n<h4><a class=\"list-files--file\" href=\"https:\/\/www.kolpasan.si\/media\/uploads\/file\/4785761ee8789865848.78938390.pdf\" target=\"_blank\" rel=\"noopener\">RE WAL 160X80, 160X80.pdf(pdf <small>217.87 kB)<\/small><\/a><\/h4>\n<h4><a class=\"list-files--file\" href=\"https:\/\/www.kolpasan.si\/media\/uploads\/file\/4785761ee87898664f7.21360069.pdf\" target=\"_blank\" rel=\"noopener\">Tehni\u010dno navodilo_tehnical instructions RE WALL.pdf(pdf <small>2.71 MB)<\/small><\/a><\/h4>\n<\/div>\n<\/div>\n","protected":false},"excerpt":{"rendered":"<p>160\u00d790, 160\u00d780, 140\u00d790, 140\u00d780, 120\u00d790, 120\u00d780, 100\u00d7100, 90\u00d790, 80\u00d780 The Kerrock corner wall is an aesthetic and durable solution for a carefree shower. It can be attached to tiles or walls and always ensures complete waterproofing. Installation of the Kerrock wall is possible on tiles or walls Perfect waterproofing Easy to clean Layout Corner layout [&hellip;]<\/p>\n","protected":false},"featured_media":49391,"comment_status":"closed","ping_status":"open","template":"","meta":[],"product_cat":[600,679,601],"product_tag":[630,637],"acf":[],"yoast_head":"<!-- This site is optimized with the Yoast SEO plugin v21.4 - https:\/\/yoast.com\/wordpress\/plugins\/seo\/ -->\n<title>Re-Wall - Area Coracrylic<\/title>\n<meta name=\"description\" content=\"\u0392\u03c1\u03b5\u03af\u03c4\u03b5 \u03c3\u03ae\u03bc\u03b5\u03c1\u03b1 Re-Wall \u03c3\u03c4\u03b7\u03bd \u0391\u03b8\u03ae\u03bd\u03b1 (\u0391\u03b3\u03af\u03b1 \u03a0\u03b1\u03c1\u03b1\u03c3\u03ba\u03b5\u03c5\u03ae - \u03a0\u03b1\u03b9\u03b1\u03bd\u03af\u03b1). \u039c\u03bf\u03bd\u03b1\u03b4\u03b9\u03ba\u03ad\u03c2 \u03c4\u03b9\u03bc\u03ad\u03c2 \u03ba\u03b1\u03b9 \u03c0\u03c1\u03bf\u03c3\u03c6\u03bf\u03c1\u03ad\u03c2. \u0386\u03bc\u03b5\u03c3\u03b7 \u03c0\u03b1\u03c1\u03ac\u03b4\u03bf\u03c3\u03b7!\" \/>\n<meta name=\"robots\" content=\"index, follow, max-snippet:-1, max-image-preview:large, max-video-preview:-1\" \/>\n<link rel=\"canonical\" href=\"https:\/\/areacoracrylic.gr\/en\/product\/re-wall\/\" \/>\n<meta property=\"og:locale\" content=\"en_US\" \/>\n<meta property=\"og:type\" content=\"article\" \/>\n<meta property=\"og:title\" content=\"Re-Wall - Area Coracrylic\" \/>\n<meta property=\"og:description\" content=\"\u0392\u03c1\u03b5\u03af\u03c4\u03b5 \u03c3\u03ae\u03bc\u03b5\u03c1\u03b1 Re-Wall \u03c3\u03c4\u03b7\u03bd \u0391\u03b8\u03ae\u03bd\u03b1 (\u0391\u03b3\u03af\u03b1 \u03a0\u03b1\u03c1\u03b1\u03c3\u03ba\u03b5\u03c5\u03ae - \u03a0\u03b1\u03b9\u03b1\u03bd\u03af\u03b1). \u039c\u03bf\u03bd\u03b1\u03b4\u03b9\u03ba\u03ad\u03c2 \u03c4\u03b9\u03bc\u03ad\u03c2 \u03ba\u03b1\u03b9 \u03c0\u03c1\u03bf\u03c3\u03c6\u03bf\u03c1\u03ad\u03c2. \u0386\u03bc\u03b5\u03c3\u03b7 \u03c0\u03b1\u03c1\u03ac\u03b4\u03bf\u03c3\u03b7!\" \/>\n<meta property=\"og:url\" content=\"https:\/\/areacoracrylic.gr\/en\/product\/re-wall\/\" \/>\n<meta property=\"og:site_name\" content=\"Area Coracrylic\" \/>\n<meta property=\"article:modified_time\" content=\"2022-05-26T16:09:55+00:00\" \/>\n<meta property=\"og:image\" content=\"https:\/\/areacoracrylic.gr\/wp-content\/uploads\/2022\/05\/re-wall-819439a1488be131691806267ae25ada-1.jpeg\" \/>\n\t<meta property=\"og:image:width\" content=\"1400\" \/>\n\t<meta property=\"og:image:height\" content=\"1000\" \/>\n\t<meta property=\"og:image:type\" content=\"image\/jpeg\" \/>\n<meta name=\"twitter:card\" content=\"summary_large_image\" \/>\n<meta name=\"twitter:label1\" content=\"Est. reading time\" \/>\n\t<meta name=\"twitter:data1\" content=\"1 minute\" \/>\n<script type=\"application\/ld+json\" class=\"yoast-schema-graph\">{\"@context\":\"https:\/\/schema.org\",\"@graph\":[{\"@type\":\"WebPage\",\"@id\":\"https:\/\/areacoracrylic.gr\/en\/product\/re-wall\/\",\"url\":\"https:\/\/areacoracrylic.gr\/en\/product\/re-wall\/\",\"name\":\"Re-Wall - Area Coracrylic\",\"isPartOf\":{\"@id\":\"https:\/\/areacoracrylic.gr\/#website\"},\"datePublished\":\"2022-05-09T10:33:16+00:00\",\"dateModified\":\"2022-05-26T16:09:55+00:00\",\"description\":\"\u0392\u03c1\u03b5\u03af\u03c4\u03b5 \u03c3\u03ae\u03bc\u03b5\u03c1\u03b1 Re-Wall \u03c3\u03c4\u03b7\u03bd \u0391\u03b8\u03ae\u03bd\u03b1 (\u0391\u03b3\u03af\u03b1 \u03a0\u03b1\u03c1\u03b1\u03c3\u03ba\u03b5\u03c5\u03ae - \u03a0\u03b1\u03b9\u03b1\u03bd\u03af\u03b1). \u039c\u03bf\u03bd\u03b1\u03b4\u03b9\u03ba\u03ad\u03c2 \u03c4\u03b9\u03bc\u03ad\u03c2 \u03ba\u03b1\u03b9 \u03c0\u03c1\u03bf\u03c3\u03c6\u03bf\u03c1\u03ad\u03c2. \u0386\u03bc\u03b5\u03c3\u03b7 \u03c0\u03b1\u03c1\u03ac\u03b4\u03bf\u03c3\u03b7!\",\"breadcrumb\":{\"@id\":\"https:\/\/areacoracrylic.gr\/en\/product\/re-wall\/#breadcrumb\"},\"inLanguage\":\"en-US\",\"potentialAction\":[{\"@type\":\"ReadAction\",\"target\":[\"https:\/\/areacoracrylic.gr\/en\/product\/re-wall\/\"]}]},{\"@type\":\"BreadcrumbList\",\"@id\":\"https:\/\/areacoracrylic.gr\/en\/product\/re-wall\/#breadcrumb\",\"itemListElement\":[{\"@type\":\"ListItem\",\"position\":1,\"name\":\"\u0391\u03c1\u03c7\u03b9\u03ba\u03ae\",\"item\":\"https:\/\/areacoracrylic.gr\/\"},{\"@type\":\"ListItem\",\"position\":2,\"name\":\"Shop\",\"item\":\"https:\/\/areacoracrylic.gr\/en\/shop-2\/\"},{\"@type\":\"ListItem\",\"position\":3,\"name\":\"Re-Wall\"}]},{\"@type\":\"WebSite\",\"@id\":\"https:\/\/areacoracrylic.gr\/#website\",\"url\":\"https:\/\/areacoracrylic.gr\/\",\"name\":\"Area Coracrylic\",\"description\":\"Kerrock and Kolpa\u00b7san custom constructions\",\"publisher\":{\"@id\":\"https:\/\/areacoracrylic.gr\/#organization\"},\"potentialAction\":[{\"@type\":\"SearchAction\",\"target\":{\"@type\":\"EntryPoint\",\"urlTemplate\":\"https:\/\/areacoracrylic.gr\/?s={search_term_string}\"},\"query-input\":\"required name=search_term_string\"}],\"inLanguage\":\"en-US\"},{\"@type\":\"Organization\",\"@id\":\"https:\/\/areacoracrylic.gr\/#organization\",\"name\":\"Area Coracrylic\",\"url\":\"https:\/\/areacoracrylic.gr\/\",\"logo\":{\"@type\":\"ImageObject\",\"inLanguage\":\"en-US\",\"@id\":\"https:\/\/areacoracrylic.gr\/#\/schema\/logo\/image\/\",\"url\":\"https:\/\/areacoracrylic.gr\/wp-content\/uploads\/2021\/11\/area-coracrylic-logo_-1.png\",\"contentUrl\":\"https:\/\/areacoracrylic.gr\/wp-content\/uploads\/2021\/11\/area-coracrylic-logo_-1.png\",\"width\":3000,\"height\":1020,\"caption\":\"Area Coracrylic\"},\"image\":{\"@id\":\"https:\/\/areacoracrylic.gr\/#\/schema\/logo\/image\/\"}}]}<\/script>\n<!-- \/ Yoast SEO plugin. -->","yoast_head_json":{"title":"Re-Wall - Area Coracrylic","description":"\u0392\u03c1\u03b5\u03af\u03c4\u03b5 \u03c3\u03ae\u03bc\u03b5\u03c1\u03b1 Re-Wall \u03c3\u03c4\u03b7\u03bd \u0391\u03b8\u03ae\u03bd\u03b1 (\u0391\u03b3\u03af\u03b1 \u03a0\u03b1\u03c1\u03b1\u03c3\u03ba\u03b5\u03c5\u03ae - \u03a0\u03b1\u03b9\u03b1\u03bd\u03af\u03b1). \u039c\u03bf\u03bd\u03b1\u03b4\u03b9\u03ba\u03ad\u03c2 \u03c4\u03b9\u03bc\u03ad\u03c2 \u03ba\u03b1\u03b9 \u03c0\u03c1\u03bf\u03c3\u03c6\u03bf\u03c1\u03ad\u03c2. \u0386\u03bc\u03b5\u03c3\u03b7 \u03c0\u03b1\u03c1\u03ac\u03b4\u03bf\u03c3\u03b7!","robots":{"index":"index","follow":"follow","max-snippet":"max-snippet:-1","max-image-preview":"max-image-preview:large","max-video-preview":"max-video-preview:-1"},"canonical":"https:\/\/areacoracrylic.gr\/en\/product\/re-wall\/","og_locale":"en_US","og_type":"article","og_title":"Re-Wall - Area Coracrylic","og_description":"\u0392\u03c1\u03b5\u03af\u03c4\u03b5 \u03c3\u03ae\u03bc\u03b5\u03c1\u03b1 Re-Wall \u03c3\u03c4\u03b7\u03bd \u0391\u03b8\u03ae\u03bd\u03b1 (\u0391\u03b3\u03af\u03b1 \u03a0\u03b1\u03c1\u03b1\u03c3\u03ba\u03b5\u03c5\u03ae - \u03a0\u03b1\u03b9\u03b1\u03bd\u03af\u03b1). \u039c\u03bf\u03bd\u03b1\u03b4\u03b9\u03ba\u03ad\u03c2 \u03c4\u03b9\u03bc\u03ad\u03c2 \u03ba\u03b1\u03b9 \u03c0\u03c1\u03bf\u03c3\u03c6\u03bf\u03c1\u03ad\u03c2. \u0386\u03bc\u03b5\u03c3\u03b7 \u03c0\u03b1\u03c1\u03ac\u03b4\u03bf\u03c3\u03b7!","og_url":"https:\/\/areacoracrylic.gr\/en\/product\/re-wall\/","og_site_name":"Area Coracrylic","article_modified_time":"2022-05-26T16:09:55+00:00","og_image":[{"width":1400,"height":1000,"url":"https:\/\/areacoracrylic.gr\/wp-content\/uploads\/2022\/05\/re-wall-819439a1488be131691806267ae25ada-1.jpeg","type":"image\/jpeg"}],"twitter_card":"summary_large_image","twitter_misc":{"Est. reading time":"1 minute"},"schema":{"@context":"https:\/\/schema.org","@graph":[{"@type":"WebPage","@id":"https:\/\/areacoracrylic.gr\/en\/product\/re-wall\/","url":"https:\/\/areacoracrylic.gr\/en\/product\/re-wall\/","name":"Re-Wall - Area Coracrylic","isPartOf":{"@id":"https:\/\/areacoracrylic.gr\/#website"},"datePublished":"2022-05-09T10:33:16+00:00","dateModified":"2022-05-26T16:09:55+00:00","description":"\u0392\u03c1\u03b5\u03af\u03c4\u03b5 \u03c3\u03ae\u03bc\u03b5\u03c1\u03b1 Re-Wall \u03c3\u03c4\u03b7\u03bd \u0391\u03b8\u03ae\u03bd\u03b1 (\u0391\u03b3\u03af\u03b1 \u03a0\u03b1\u03c1\u03b1\u03c3\u03ba\u03b5\u03c5\u03ae - \u03a0\u03b1\u03b9\u03b1\u03bd\u03af\u03b1). \u039c\u03bf\u03bd\u03b1\u03b4\u03b9\u03ba\u03ad\u03c2 \u03c4\u03b9\u03bc\u03ad\u03c2 \u03ba\u03b1\u03b9 \u03c0\u03c1\u03bf\u03c3\u03c6\u03bf\u03c1\u03ad\u03c2. \u0386\u03bc\u03b5\u03c3\u03b7 \u03c0\u03b1\u03c1\u03ac\u03b4\u03bf\u03c3\u03b7!","breadcrumb":{"@id":"https:\/\/areacoracrylic.gr\/en\/product\/re-wall\/#breadcrumb"},"inLanguage":"en-US","potentialAction":[{"@type":"ReadAction","target":["https:\/\/areacoracrylic.gr\/en\/product\/re-wall\/"]}]},{"@type":"BreadcrumbList","@id":"https:\/\/areacoracrylic.gr\/en\/product\/re-wall\/#breadcrumb","itemListElement":[{"@type":"ListItem","position":1,"name":"\u0391\u03c1\u03c7\u03b9\u03ba\u03ae","item":"https:\/\/areacoracrylic.gr\/"},{"@type":"ListItem","position":2,"name":"Shop","item":"https:\/\/areacoracrylic.gr\/en\/shop-2\/"},{"@type":"ListItem","position":3,"name":"Re-Wall"}]},{"@type":"WebSite","@id":"https:\/\/areacoracrylic.gr\/#website","url":"https:\/\/areacoracrylic.gr\/","name":"Area Coracrylic","description":"Kerrock and Kolpa\u00b7san custom constructions","publisher":{"@id":"https:\/\/areacoracrylic.gr\/#organization"},"potentialAction":[{"@type":"SearchAction","target":{"@type":"EntryPoint","urlTemplate":"https:\/\/areacoracrylic.gr\/?s={search_term_string}"},"query-input":"required name=search_term_string"}],"inLanguage":"en-US"},{"@type":"Organization","@id":"https:\/\/areacoracrylic.gr\/#organization","name":"Area Coracrylic","url":"https:\/\/areacoracrylic.gr\/","logo":{"@type":"ImageObject","inLanguage":"en-US","@id":"https:\/\/areacoracrylic.gr\/#\/schema\/logo\/image\/","url":"https:\/\/areacoracrylic.gr\/wp-content\/uploads\/2021\/11\/area-coracrylic-logo_-1.png","contentUrl":"https:\/\/areacoracrylic.gr\/wp-content\/uploads\/2021\/11\/area-coracrylic-logo_-1.png","width":3000,"height":1020,"caption":"Area Coracrylic"},"image":{"@id":"https:\/\/areacoracrylic.gr\/#\/schema\/logo\/image\/"}}]}},"_links":{"self":[{"href":"https:\/\/areacoracrylic.gr\/en\/wp-json\/wp\/v2\/product\/45399"}],"collection":[{"href":"https:\/\/areacoracrylic.gr\/en\/wp-json\/wp\/v2\/product"}],"about":[{"href":"https:\/\/areacoracrylic.gr\/en\/wp-json\/wp\/v2\/types\/product"}],"replies":[{"embeddable":true,"href":"https:\/\/areacoracrylic.gr\/en\/wp-json\/wp\/v2\/comments?post=45399"}],"version-history":[{"count":0,"href":"https:\/\/areacoracrylic.gr\/en\/wp-json\/wp\/v2\/product\/45399\/revisions"}],"wp:featuredmedia":[{"embeddable":true,"href":"https:\/\/areacoracrylic.gr\/en\/wp-json\/wp\/v2\/media\/49391"}],"wp:attachment":[{"href":"https:\/\/areacoracrylic.gr\/en\/wp-json\/wp\/v2\/media?parent=45399"}],"wp:term":[{"taxonomy":"product_cat","embeddable":true,"href":"https:\/\/areacoracrylic.gr\/en\/wp-json\/wp\/v2\/product_cat?post=45399"},{"taxonomy":"product_tag","embeddable":true,"href":"https:\/\/areacoracrylic.gr\/en\/wp-json\/wp\/v2\/product_tag?post=45399"}],"curies":[{"name":"wp","href":"https:\/\/api.w.org\/{rel}","templated":true}]}}